{"id":6,"date":"2024-06-03T19:12:46","date_gmt":"2024-06-03T19:12:46","guid":{"rendered":"https:\/\/selingerbarbacoas.com\/?post_type=product&#038;p=6"},"modified":"2024-06-03T19:12:47","modified_gmt":"2024-06-03T19:12:47","slug":"sistema-de-levante-frontal","status":"publish","type":"product","link":"https:\/\/selingerbarbacoas.com\/en\/productos\/sistema-de-levante-frontal\/","title":{"rendered":"Sistema de Levante Frontal"},"content":{"rendered":"<p class=\"titulin1\">ESPECIFICACIONES T\u00c9CNICAS:<\/p>\n<ul class=\"espez\">\n<li><span class=\"espez_tec\">ANCHO:\u00a0<\/span>180 cm<\/li>\n<li><span class=\"espez_tec\">PROFUNDIDAD:\u00a0<\/span>65 cm<\/li>\n<li><span class=\"espez_tec\">PESO:\u00a0<\/span>270 kg<\/li>\n<li><span class=\"espez_tec\">ALTURA TOTAL:\u00a0<\/span>290 cm<\/li>\n<\/ul>\n<p class=\"titulin\">MATERIALES:<\/p>\n<ul class=\"espez\">\n<li>Hierro acerado<\/li>\n<li>Estructura de 3 mm de espesor<\/li>\n<li>Parrillas en V de 3,5 mm de espesor<\/li>\n<li>Caj\u00f3n fogonero de 3 mm de espesor reforzado (hierro acerado del 12 y el 8)<\/li>\n<li>Chimenea de 1,5 mm en hierro acerado (altura de 70cm) desmontable<\/li>\n<\/ul>\n<p class=\"titulin\">CARACTER\u00cdSTICAS:<\/p>\n<ul class=\"espez\">\n<li>Parrilla de 69 cm x 56 cm en V (\u00e1rea de cocci\u00f3n)<\/li>\n<li>Parrilla de 71 cm x 54 cm en V (\u00e1rea de cocci\u00f3n)<\/li>\n<li>Canaletas recogedoras de aceita extra\u00edbles en ambas parrillas en V<\/li>\n<li>Sistema de elevaci\u00f3n de las parrillas contando con 10 posiciones<\/li>\n<li>Mangos de madera en las manetas de la manivelas<\/li>\n<li>Puertas delanteras abatibles<\/li>\n<li>Caj\u00f3n fogonero de 30 cm x 56 cm x 15 cm<\/li>\n<li>Pintada con pintura antical\u00f3rica 950 grados<\/li>\n<li>Ladrillos refractarios en la base<\/li>\n<\/ul>\n<p class=\"titulin\">ACCESORIOS INCLUIDOS:<\/p>\n<ul class=\"espez\">\n<li>Barbacoa modelo Manoc 303 con parrillas en V y cristal resistente altas temperaturas<\/li>\n<li>Ladrillos refractarios en la base<\/li>\n<li>Utensilio para desplazar las brasas con mango de madera<\/li>\n<li>Pala recoge brasas con mango de madera<\/li>\n<li>Garant\u00eda de 2 a\u00f1os en parrilla, estructura y caj\u00f3n, (no en pintura y cristal)<\/li>\n<\/ul>\n<p class=\"titulin\">ACCESORIOS OPCIONALES:<\/p>\n<ul class=\"espez2\">\n<li><a href=\"http:\/\/selingerbarbacoas.com\/producto.php?p=11\">Pinchos<\/a><\/li>\n<li><a href=\"http:\/\/selingerbarbacoas.com\/producto.php?p=25\">Base cerrada con puertas<\/a><\/li>\n<li><a href=\"http:\/\/selingerbarbacoas.com\/producto.php?p=36\">Base cerrada sin puertas<\/a><\/li>\n<li><a href=\"http:\/\/selingerbarbacoas.com\/producto.php?p=39\">2 ruedas<\/a><\/li>\n<li><a href=\"http:\/\/selingerbarbacoas.com\/producto.php?p=41\">Adaptador para paellas<\/a><\/li>\n<li><a href=\"http:\/\/selingerbarbacoas.com\/producto.php?p=42\">Cepillo<\/a><\/li>\n<li><a href=\"http:\/\/selingerbarbacoas.com\/producto.php?p=44\">Cuchillo pincho<\/a><\/li>\n<li><a href=\"http:\/\/selingerbarbacoas.com\/producto.php?p=46\">Pala<\/a><\/li>\n<li><a href=\"http:\/\/selingerbarbacoas.com\/producto.php?p=47\">Pinza<\/a><\/li>\n<li><a href=\"http:\/\/selingerbarbacoas.com\/producto.php?p=48\">Pincel<\/a><\/li>\n<li><a href=\"http:\/\/selingerbarbacoas.com\/producto.php?p=49\">Pincho hierro<\/a><\/li>\n<li><a href=\"http:\/\/selingerbarbacoas.com\/producto.php?p=51\">Plancha de pescado<\/a><\/li>\n<li><a href=\"http:\/\/selingerbarbacoas.com\/producto.php?p=52\">Plancha de pescado<\/a><\/li>\n<li><a href=\"http:\/\/selingerbarbacoas.com\/producto.php?p=53\">Plancha de pescado<\/a><\/li>\n<li><a href=\"http:\/\/selingerbarbacoas.com\/producto.php?p=54\">Pincho inox<\/a><\/li>\n<li><a href=\"http:\/\/selingerbarbacoas.com\/producto.php?p=55\">Pincho pistola<\/a><\/li>\n<li><a href=\"http:\/\/selingerbarbacoas.com\/producto.php?p=56\">Mesa auxiliar de pino<\/a><\/li>\n<li><a href=\"http:\/\/selingerbarbacoas.com\/producto.php?p=60\">Parr. suplementaria (hierro del 8)<\/a><\/li>\n<li><a href=\"http:\/\/selingerbarbacoas.com\/producto.php?p=61\">Parrilla suplementaria (INOX)<\/a><\/li>\n<li><a href=\"http:\/\/selingerbarbacoas.com\/producto.php?p=74\">Parrilla suplementaria (inox)<\/a><\/li>\n<li><a href=\"http:\/\/selingerbarbacoas.com\/producto.php?p=75\">Parr. suplementaria (hierro del 8)<\/a><\/li>\n<li><a href=\"http:\/\/selingerbarbacoas.com\/producto.php?p=76\">Cruz o estaca para barbacoas<\/a><\/li>\n<\/ul>\n","protected":false},"excerpt":{"rendered":"<p class=\"interes\">\u00b7 SE FABRICAN A MEDIDA \u00b7<\/p>\n<p class=\"interes\"><strong>\u00bfTe interesa este producto?<\/strong><\/p>\n<p class=\"letra_pequenya\">Hacemos transportaciones locales y env\u00edos nacionales e internacionales.<\/p>\n<p>Ll\u00e1manos al <strong><a href=\"tel:634 787 502\">634 787 502<\/a><\/strong> para ponerte en contacto con nosotros y te informaremos sobre el presupuesto de tu pedido y los gastos extras.<\/p>\n<p><strong>Referencia del producto: 303<\/strong><\/p>\n","protected":false},"featured_media":36,"comment_status":"open","ping_status":"closed","template":"","meta":{"site-sidebar-layout":"default","site-content-layout":"","ast-site-content-layout":"","site-content-style":"default","site-sidebar-style":"default","ast-global-header-display":"","ast-banner-title-visibility":"","ast-main-header-display":"","ast-hfb-above-header-display":"","ast-hfb-below-header-display":"","ast-hfb-mobile-header-display":"","site-post-title":"","ast-breadcrumbs-content":"","ast-featured-img":"","footer-sml-layout":"","theme-transparent-header-meta":"","adv-header-id-meta":"","stick-header-meta":"","header-above-stick-meta":"","header-main-stick-meta":"","header-below-stick-meta":"","astra-migrate-meta-layouts":"default","ast-page-background-enabled":"default","ast-page-background-meta":{"desktop":{"background-color":"var(--ast-global-color-4)","background-image":"","background-repeat":"repeat","background-position":"center center","background-size":"auto","background-attachment":"scroll","background-type":"","background-media":"","overlay-type":"","overlay-color":"","overlay-opacity":"","overlay-gradient":""},"tablet":{"background-color":"","background-image":"","background-repeat":"repeat","background-position":"center center","background-size":"auto","background-attachment":"scroll","background-type":"","background-media":"","overlay-type":"","overlay-color":"","overlay-opacity":"","overlay-gradient":""},"mobile":{"background-color":"","background-image":"","background-repeat":"repeat","background-position":"center center","background-size":"auto","background-attachment":"scroll","background-type":"","background-media":"","overlay-type":"","overlay-color":"","overlay-opacity":"","overlay-gradient":""}},"ast-content-background-meta":{"desktop":{"background-color":"var(--ast-global-color-5)","background-image":"","background-repeat":"repeat","background-position":"center center","background-size":"auto","background-attachment":"scroll","background-type":"","background-media":"","overlay-type":"","overlay-color":"","overlay-opacity":"","overlay-gradient":""},"tablet":{"background-color":"var(--ast-global-color-5)","background-image":"","background-repeat":"repeat","background-position":"center center","background-size":"auto","background-attachment":"scroll","background-type":"","background-media":"","overlay-type":"","overlay-color":"","overlay-opacity":"","overlay-gradient":""},"mobile":{"background-color":"var(--ast-global-color-5)","background-image":"","background-repeat":"repeat","background-position":"center center","background-size":"auto","background-attachment":"scroll","background-type":"","background-media":"","overlay-type":"","overlay-color":"","overlay-opacity":"","overlay-gradient":""}},"_joinchat":[]},"product_brand":[],"product_cat":[16],"product_tag":[],"class_list":{"0":"post-6","1":"product","2":"type-product","3":"status-publish","4":"has-post-thumbnail","6":"product_cat-barbacoas-profesionales","7":"desktop-align-left","8":"tablet-align-left","9":"mobile-align-left","11":"first","12":"instock","13":"featured","14":"shipping-taxable","15":"product-type-simple"},"_links":{"self":[{"href":"https:\/\/selingerbarbacoas.com\/en\/wp-json\/wp\/v2\/product\/6","targetHints":{"allow":["GET"]}}],"collection":[{"href":"https:\/\/selingerbarbacoas.com\/en\/wp-json\/wp\/v2\/product"}],"about":[{"href":"https:\/\/selingerbarbacoas.com\/en\/wp-json\/wp\/v2\/types\/product"}],"replies":[{"embeddable":true,"href":"https:\/\/selingerbarbacoas.com\/en\/wp-json\/wp\/v2\/comments?post=6"}],"wp:featuredmedia":[{"embeddable":true,"href":"https:\/\/selingerbarbacoas.com\/en\/wp-json\/wp\/v2\/media\/36"}],"wp:attachment":[{"href":"https:\/\/selingerbarbacoas.com\/en\/wp-json\/wp\/v2\/media?parent=6"}],"wp:term":[{"taxonomy":"product_brand","embeddable":true,"href":"https:\/\/selingerbarbacoas.com\/en\/wp-json\/wp\/v2\/product_brand?post=6"},{"taxonomy":"product_cat","embeddable":true,"href":"https:\/\/selingerbarbacoas.com\/en\/wp-json\/wp\/v2\/product_cat?post=6"},{"taxonomy":"product_tag","embeddable":true,"href":"https:\/\/selingerbarbacoas.com\/en\/wp-json\/wp\/v2\/product_tag?post=6"}],"curies":[{"name":"wp","href":"https:\/\/api.w.org\/{rel}","templated":true}]}}